{"id":2149,"date":"2024-04-18T10:01:50","date_gmt":"2024-04-18T09:01:50","guid":{"rendered":"https:\/\/www.domainesaintloup.fr\/contact\/"},"modified":"2024-06-17T15:24:40","modified_gmt":"2024-06-17T14:24:40","slug":"contact","status":"publish","type":"page","link":"https:\/\/www.domainesaintloup.fr\/en\/contact\/","title":{"rendered":"Contact"},"content":{"rendered":"\n<div class=\"wp-block-columns is-layout-flex wp-container-core-columns-is-layout-1 wp-block-columns-is-layout-flex\" style=\"padding-top:var(--wp--preset--spacing--60)\">\n<div class=\"wp-block-column is-layout-flow wp-block-column-is-layout-flow\">\n<h3 class=\"wp-block-heading\"><a href=\"tel:+33(0)389825345\">+33(0)3 89 82 53 45<\/a><\/h3>\n\n\n\n<p><a href=\"&#109;&#x61;&#105;&#x6c;&#116;&#x6f;&#58;&#x69;&#110;&#x66;&#111;&#x40;&#100;&#x6f;&#109;&#x61;&#105;&#x6e;&#101;&#x73;&#97;&#x69;&#110;&#x74;&#108;&#x6f;u&#x70;&#46;&#x66;r\">in&#102;&#111;&#x40;&#x64;&#x6f;&#x6d;ai&#110;&#101;&#x73;&#x61;&#x69;&#x6e;tl&#111;&#117;&#112;&#x2e;&#x66;&#x72;<\/a><\/p>\n\n\n\n<p>1 Rue Principale<br>68700 Aspach &#8211; Michelbach<br>France<\/p>\n\n\n\n<div class=\"wp-block-link uppercase\"><a class=\"wp-block-link-more\" href=\"https:\/\/maps.app.goo.gl\/twoDJyFbK2Qiexev8\" target=\"_blank\" rel=\"noopener\">HOW TO GET THERE<\/a><\/div>\n\n\n\n<div class=\"wp-block-stackable-icon-label stk-block-icon-label stk-block-icon-label--use-flex-basis stk-block stk-6ff57d1\" data-block-id=\"6ff57d1\"><style>.stk-6ff57d1{margin-bottom:1px !important;top:50px !important}.stk-6ff57d1 .stk-block-icon{flex-basis:42px !important}<\/style><div class=\"stk-row stk-inner-blocks stk-block-content\">\n<div class=\"wp-block-stackable-icon stk-block-icon has-text-align-left stk-block stk-dc62385\" data-block-id=\"dc62385\"><style>.stk-dc62385{min-height:0px !important;padding-top:0px !important;padding-right:0px !important;padding-bottom:0px !important;padding-left:0px !important}.stk-dc62385 .stk--svg-wrapper .stk--inner-svg svg:last-child{height:21px !important;width:21px !important;opacity:1 !important}.stk-dc62385 .stk--svg-wrapper .stk--inner-svg svg:last-child,.stk-dc62385 .stk--svg-wrapper .stk--inner-svg svg:last-child :is(g,path,rect,polygon,ellipse){fill:#ffffff !important}.stk-dc62385 .stk--svg-wrapper .stk--inner-svg{background-color:#25d366 !important;border-radius:100% !important;padding:3px !important}<\/style><span class=\"stk--svg-wrapper\"><div class=\"stk--inner-svg\"><svg style=\"height:0;width:0\"><defs><linearGradient id=\"linear-gradient-dc62385\" x1=\"0\" x2=\"100%\" y1=\"0\" y2=\"0\"><stop offset=\"0%\" style=\"stop-opacity:1;stop-color:var(--linear-gradient-dc-62385-color-1)\"><\/stop><stop offset=\"100%\" style=\"stop-opacity:1;stop-color:var(--linear-gradient-dc-62385-color-2)\"><\/stop><\/linearGradient><\/defs><\/svg><svg xmlns=\"http:\/\/www.w3.org\/2000\/svg\" viewBox=\"0 0 448 512\" aria-hidden=\"true\" width=\"32\" height=\"32\"><path d=\"M380.9 97.1C339 55.1 283.2 32 223.9 32c-122.4 0-222 99.6-222 222 0 39.1 10.2 77.3 29.6 111L0 480l117.7-30.9c32.4 17.7 68.9 27 106.1 27h.1c122.3 0 224.1-99.6 224.1-222 0-59.3-25.2-115-67.1-157zm-157 341.6c-33.2 0-65.7-8.9-94-25.7l-6.7-4-69.8 18.3L72 359.2l-4.4-7c-18.5-29.4-28.2-63.3-28.2-98.2 0-101.7 82.8-184.5 184.6-184.5 49.3 0 95.6 19.2 130.4 54.1 34.8 34.9 56.2 81.2 56.1 130.5 0 101.8-84.9 184.6-186.6 184.6zm101.2-138.2c-5.5-2.8-32.8-16.2-37.9-18-5.1-1.9-8.8-2.8-12.5 2.8-3.7 5.6-14.3 18-17.6 21.8-3.2 3.7-6.5 4.2-12 1.4-32.6-16.3-54-29.1-75.5-66-5.7-9.8 5.7-9.1 16.3-30.3 1.8-3.7.9-6.9-.5-9.7-1.4-2.8-12.5-30.1-17.1-41.2-4.5-10.8-9.1-9.3-12.5-9.5-3.2-.2-6.9-.2-10.6-.2-3.7 0-9.7 1.4-14.8 6.9-5.1 5.6-19.4 19-19.4 46.3 0 27.3 19.9 53.7 22.6 57.4 2.8 3.7 39.1 59.7 94.8 83.8 35.2 15.2 49 16.5 66.6 13.9 10.7-1.6 32.8-13.4 37.4-26.4 4.6-13 4.6-24.1 3.2-26.4-1.3-2.5-5-3.9-10.5-6.6z\"><\/path><\/svg><\/div><\/span><\/div>\n\n\n\n<div class=\"wp-block-stackable-heading stk-block-heading stk-block-heading--v2 stk-block stk-4779c5a\" id=\"a-href-https-wa-me-683120276-target-blank-rel-noreferrer-noopener-contactez-nous-sur-whats-app-a\" data-block-id=\"4779c5a\"><style>.stk-4779c5a .stk-block-heading__text{text-shadow:none !important}<\/style><p class=\"stk-block-heading__text\"><a href=\"https:\/\/wa.me\/683120276\" target=\"_blank\" rel=\"noreferrer noopener\">Contact us on WhatsApp<\/a><\/p><\/div>\n<\/div><\/div>\n<\/div>\n\n\n\n<div class=\"wp-block-column is-layout-flow wp-container-core-column-is-layout-2 wp-block-column-is-layout-flow\" style=\"padding-right:var(--wp--preset--spacing--60);padding-left:0\">\n<div class=\"wp-block-contact-form-7-contact-form-selector\">\n<div class=\"wpcf7 no-js\" id=\"wpcf7-f2238-o1\" lang=\"en-US\" dir=\"ltr\">\n<div class=\"screen-reader-response\"><p role=\"status\" aria-live=\"polite\" aria-atomic=\"true\"><\/p> <ul><\/ul><\/div>\n<form action=\"\/en\/wp-json\/wp\/v2\/pages\/2149#wpcf7-f2238-o1\" method=\"post\" class=\"wpcf7-form init\" aria-label=\"Contact form\" novalidate=\"novalidate\" data-status=\"init\">\n<div style=\"display: none;\">\n<input type=\"hidden\" name=\"_wpcf7\" value=\"2238\" \/>\n<input type=\"hidden\" name=\"_wpcf7_version\" value=\"5.9.8\" \/>\n<input type=\"hidden\" name=\"_wpcf7_locale\" value=\"en_US\" \/>\n<input type=\"hidden\" name=\"_wpcf7_unit_tag\" value=\"wpcf7-f2238-o1\" \/>\n<input type=\"hidden\" name=\"_wpcf7_container_post\" value=\"0\" \/>\n<input type=\"hidden\" name=\"_wpcf7_posted_data_hash\" value=\"\" \/>\n<input type=\"hidden\" name=\"_wpcf7_recaptcha_response\" value=\"\" \/>\n<\/div>\n<p><label> Name<br \/>\n<span class=\"wpcf7-form-control-wrap\" data-name=\"contact-name\"><input size=\"40\" maxlength=\"400\" class=\"wpcf7-form-control wpcf7-text wpcf7-validates-as-required\" aria-required=\"true\" aria-invalid=\"false\" value=\"\" type=\"text\" name=\"contact-name\" \/><\/span> <\/label>\n<\/p>\n<p><label> Phone<br \/>\n<span class=\"wpcf7-form-control-wrap\" data-name=\"contact-tel\"><input size=\"40\" maxlength=\"400\" class=\"wpcf7-form-control wpcf7-tel wpcf7-validates-as-required wpcf7-text wpcf7-validates-as-tel\" aria-required=\"true\" aria-invalid=\"false\" value=\"\" type=\"tel\" name=\"contact-tel\" \/><\/span> <\/label>\n<\/p>\n<p><label> Email<br \/>\n<span class=\"wpcf7-form-control-wrap\" data-name=\"contact-email\"><input size=\"40\" maxlength=\"400\" class=\"wpcf7-form-control wpcf7-email wpcf7-validates-as-required wpcf7-text wpcf7-validates-as-email\" aria-required=\"true\" aria-invalid=\"false\" value=\"\" type=\"email\" name=\"contact-email\" \/><\/span> <\/label>\n<\/p>\n<p><label> Your request concerns<br \/>\n<span class=\"wpcf7-form-control-wrap\" data-name=\"contact-subject\"><select class=\"wpcf7-form-control wpcf7-select wpcf7-validates-as-required\" aria-required=\"true\" aria-invalid=\"false\" name=\"contact-subject\"><option value=\"Mariage\">Mariage<\/option><option value=\"\u00c9v\u00e9nement priv\u00e9\">\u00c9v\u00e9nement priv\u00e9<\/option><option value=\"S\u00e9minaire\">S\u00e9minaire<\/option><\/select><\/span> <\/label>\n<\/p>\n<p><label> Message<br \/>\n<span class=\"wpcf7-form-control-wrap\" data-name=\"your-message\"><textarea cols=\"40\" rows=\"10\" maxlength=\"2000\" class=\"wpcf7-form-control wpcf7-textarea\" aria-invalid=\"false\" name=\"your-message\"><\/textarea><\/span> <\/label>\n<\/p>\n<p><span class=\"wpcf7-form-control-wrap\" data-name=\"checkbox-acceptance\"><span class=\"wpcf7-form-control wpcf7-checkbox wpcf7-validates-as-required\"><span class=\"wpcf7-list-item first last\"><input type=\"checkbox\" name=\"checkbox-acceptance[]\" value=\"En cochant cette case\" \/><span class=\"wpcf7-list-item-label\">En cochant cette case<\/span><\/span><\/span><\/span>I agree to my information being used in accordance with our privacy and cookie policies. You can unsubscribe at any time by emailing us at <a href=\"&#x6d;&#x61;&#x69;&#x6c;&#x74;&#x6f;&#x3a;&#99;&#111;&#110;&#116;&#97;ct&#64;d&#x6f;&#x6d;&#x61;&#x69;&#x6e;&#x65;&#x73;&#x61;&#105;&#110;&#116;&#108;&#111;up&#46;f&#x72;\">co&#110;&#116;&#97;&#x63;&#x74;&#x40;&#x64;&#x6f;ma&#105;&#110;&#101;&#x73;&#x61;&#x69;&#x6e;&#x74;lo&#117;&#112;&#46;&#x66;&#x72;<\/a>.\n<\/p>\n<p><input class=\"wpcf7-form-control wpcf7-submit has-spinner wp-block-button__link wp-element-button\" type=\"submit\" value=\"Envoyer\" \/>\n<\/p><div class=\"wpcf7-response-output\" aria-hidden=\"true\"><\/div>\n<\/form>\n<\/div>\n<\/div>\n<\/div>\n<\/div>\n\n\n\n<div class=\"wp-block-columns alignfull is-layout-flex wp-container-core-columns-is-layout-2 wp-block-columns-is-layout-flex\" style=\"padding-top:var(--wp--preset--spacing--60)\">\n<div class=\"wp-block-column is-layout-flow wp-block-column-is-layout-flow\" style=\"flex-basis:10%\"><\/div>\n\n\n\n<div class=\"wp-block-column is-layout-flow wp-block-column-is-layout-flow\" style=\"flex-basis:80%\">\t\t<div id=\"wpmapblock_1f84c31e\" data-settings='{&quot;map_marker&quot;:[{&quot;lat&quot;:&quot;47.762601582967&quot;,&quot;lng&quot;:&quot;7.1113783121109&quot;,&quot;title&quot;:&quot;Domaine Saint-Loup&quot;,&quot;content&quot;:&quot;H\\u00f4tel Alsace&quot;,&quot;iconType&quot;:&quot;default&quot;,&quot;customIconUrl&quot;:&quot;&quot;,&quot;customIconWidth&quot;:&quot;25&quot;,&quot;customIconHeight&quot;:&quot;40&quot;}],&quot;map_zoom&quot;:&quot;15&quot;,&quot;scroll_wheel_zoom&quot;:&quot;1&quot;,&quot;map_type&quot;:&quot;GM&quot;,&quot;center_index&quot;:0}' class=\"wpmapblockrender\" style=\"\n\t\t\twidth: 100%;\n\t\t\theight: 500px;\n\t\t\"><\/div>\n        <\/div>\n\n\n\n<div class=\"wp-block-column is-layout-flow wp-block-column-is-layout-flow\" style=\"flex-basis:10%\"><\/div>\n<\/div>\n","protected":false},"excerpt":{"rendered":"<p>+33(0)3 89 82 53 45 &#105;n&#x66;o&#x40;d&#x6f;m&#x61;i&#x6e;e&#x73;&#97;&#x69;&#110;&#x74;&#108;&#x6f;&#117;&#x70;&#46;&#x66;&#114; 1 Rue Principale68700 Aspach &#8211; MichelbachFrance HOW TO GET THERE Contact us on WhatsApp<\/p>\n","protected":false},"author":4,"featured_media":0,"parent":0,"menu_order":0,"comment_status":"closed","ping_status":"closed","template":"","meta":{"_acf_changed":false,"footnotes":""},"acf":[],"yoast_head":"<!-- This site is optimized with the Yoast SEO plugin v23.3 - https:\/\/yoast.com\/wordpress\/plugins\/seo\/ -->\n<title>Contact &#8211; Domaine Saint Loup<\/title>\n<meta name=\"description\" content=\"+33(0)3 89 82 53 45  info@domainesaintloup.fr  1 Rue Principale68700 Aspach - MichelbachFrance  HOW TO GET THERE     Contact us on WhatsApp\" \/>\n<meta name=\"robots\" content=\"index, follow, max-snippet:-1, max-image-preview:large, max-video-preview:-1\" \/>\n<link rel=\"canonical\" href=\"https:\/\/www.domainesaintloup.fr\/en\/contact\/\" \/>\n<meta property=\"og:locale\" content=\"en_US\" \/>\n<meta property=\"og:type\" content=\"article\" \/>\n<meta property=\"og:title\" content=\"Contact &#8211; Domaine Saint Loup\" \/>\n<meta property=\"og:description\" content=\"+33(0)3 89 82 53 45  info@domainesaintloup.fr  1 Rue Principale68700 Aspach - MichelbachFrance  HOW TO GET THERE     Contact us on WhatsApp\" \/>\n<meta property=\"og:url\" content=\"https:\/\/www.domainesaintloup.fr\/en\/contact\/\" \/>\n<meta property=\"og:site_name\" content=\"Domaine Saint Loup\" \/>\n<meta property=\"article:modified_time\" content=\"2024-06-17T14:24:40+00:00\" \/>\n<meta name=\"twitter:card\" content=\"summary_large_image\" \/>\n<meta name=\"twitter:label1\" content=\"Est. reading time\" \/>\n\t<meta name=\"twitter:data1\" content=\"1 minute\" \/>\n<script type=\"application\/ld+json\" class=\"yoast-schema-graph\">{\"@context\":\"https:\/\/schema.org\",\"@graph\":[{\"@type\":\"WebPage\",\"@id\":\"https:\/\/www.domainesaintloup.fr\/en\/contact\/\",\"url\":\"https:\/\/www.domainesaintloup.fr\/en\/contact\/\",\"name\":\"Contact &#8211; Domaine Saint Loup\",\"isPartOf\":{\"@id\":\"https:\/\/www.domainesaintloup.fr\/#website\"},\"datePublished\":\"2024-04-18T09:01:50+00:00\",\"dateModified\":\"2024-06-17T14:24:40+00:00\",\"description\":\"+33(0)3 89 82 53 45 info@domainesaintloup.fr 1 Rue Principale68700 Aspach - MichelbachFrance HOW TO GET THERE Contact us on WhatsApp\",\"breadcrumb\":{\"@id\":\"https:\/\/www.domainesaintloup.fr\/en\/contact\/#breadcrumb\"},\"inLanguage\":\"en-US\",\"potentialAction\":[{\"@type\":\"ReadAction\",\"target\":[\"https:\/\/www.domainesaintloup.fr\/en\/contact\/\"]}]},{\"@type\":\"BreadcrumbList\",\"@id\":\"https:\/\/www.domainesaintloup.fr\/en\/contact\/#breadcrumb\",\"itemListElement\":[{\"@type\":\"ListItem\",\"position\":1,\"name\":\"Accueil\",\"item\":\"https:\/\/www.domainesaintloup.fr\/en\/\"},{\"@type\":\"ListItem\",\"position\":2,\"name\":\"Contact\"}]},{\"@type\":\"WebSite\",\"@id\":\"https:\/\/www.domainesaintloup.fr\/#website\",\"url\":\"https:\/\/www.domainesaintloup.fr\/\",\"name\":\"Domaine Saint Loup\",\"description\":\"Domaine Saint Loup\",\"publisher\":{\"@id\":\"https:\/\/www.domainesaintloup.fr\/#organization\"},\"potentialAction\":[{\"@type\":\"SearchAction\",\"target\":{\"@type\":\"EntryPoint\",\"urlTemplate\":\"https:\/\/www.domainesaintloup.fr\/?s={search_term_string}\"},\"query-input\":\"required name=search_term_string\"}],\"inLanguage\":\"en-US\"},{\"@type\":\"Organization\",\"@id\":\"https:\/\/www.domainesaintloup.fr\/#organization\",\"name\":\"Domaine Saint Loup\",\"url\":\"https:\/\/www.domainesaintloup.fr\/\",\"logo\":{\"@type\":\"ImageObject\",\"inLanguage\":\"en-US\",\"@id\":\"https:\/\/www.domainesaintloup.fr\/#\/schema\/logo\/image\/\",\"url\":\"https:\/\/www.domainesaintloup.fr\/wp-content\/uploads\/2024\/05\/logo-saint-loup.webp\",\"contentUrl\":\"https:\/\/www.domainesaintloup.fr\/wp-content\/uploads\/2024\/05\/logo-saint-loup.webp\",\"width\":1728,\"height\":717,\"caption\":\"Domaine Saint Loup\"},\"image\":{\"@id\":\"https:\/\/www.domainesaintloup.fr\/#\/schema\/logo\/image\/\"}}]}<\/script>\n<!-- \/ Yoast SEO plugin. -->","yoast_head_json":{"title":"Contact &#8211; Domaine Saint Loup","description":"+33(0)3 89 82 53 45  info@domainesaintloup.fr  1 Rue Principale68700 Aspach - MichelbachFrance  HOW TO GET THERE     Contact us on WhatsApp","robots":{"index":"index","follow":"follow","max-snippet":"max-snippet:-1","max-image-preview":"max-image-preview:large","max-video-preview":"max-video-preview:-1"},"canonical":"https:\/\/www.domainesaintloup.fr\/en\/contact\/","og_locale":"en_US","og_type":"article","og_title":"Contact &#8211; Domaine Saint Loup","og_description":"+33(0)3 89 82 53 45  info@domainesaintloup.fr  1 Rue Principale68700 Aspach - MichelbachFrance  HOW TO GET THERE     Contact us on WhatsApp","og_url":"https:\/\/www.domainesaintloup.fr\/en\/contact\/","og_site_name":"Domaine Saint Loup","article_modified_time":"2024-06-17T14:24:40+00:00","twitter_card":"summary_large_image","twitter_misc":{"Est. reading time":"1 minute"},"schema":{"@context":"https:\/\/schema.org","@graph":[{"@type":"WebPage","@id":"https:\/\/www.domainesaintloup.fr\/en\/contact\/","url":"https:\/\/www.domainesaintloup.fr\/en\/contact\/","name":"Contact &#8211; Domaine Saint Loup","isPartOf":{"@id":"https:\/\/www.domainesaintloup.fr\/#website"},"datePublished":"2024-04-18T09:01:50+00:00","dateModified":"2024-06-17T14:24:40+00:00","description":"+33(0)3 89 82 53 45 info@domainesaintloup.fr 1 Rue Principale68700 Aspach - MichelbachFrance HOW TO GET THERE Contact us on WhatsApp","breadcrumb":{"@id":"https:\/\/www.domainesaintloup.fr\/en\/contact\/#breadcrumb"},"inLanguage":"en-US","potentialAction":[{"@type":"ReadAction","target":["https:\/\/www.domainesaintloup.fr\/en\/contact\/"]}]},{"@type":"BreadcrumbList","@id":"https:\/\/www.domainesaintloup.fr\/en\/contact\/#breadcrumb","itemListElement":[{"@type":"ListItem","position":1,"name":"Accueil","item":"https:\/\/www.domainesaintloup.fr\/en\/"},{"@type":"ListItem","position":2,"name":"Contact"}]},{"@type":"WebSite","@id":"https:\/\/www.domainesaintloup.fr\/#website","url":"https:\/\/www.domainesaintloup.fr\/","name":"Domaine Saint Loup","description":"Domaine Saint Loup","publisher":{"@id":"https:\/\/www.domainesaintloup.fr\/#organization"},"potentialAction":[{"@type":"SearchAction","target":{"@type":"EntryPoint","urlTemplate":"https:\/\/www.domainesaintloup.fr\/?s={search_term_string}"},"query-input":"required name=search_term_string"}],"inLanguage":"en-US"},{"@type":"Organization","@id":"https:\/\/www.domainesaintloup.fr\/#organization","name":"Domaine Saint Loup","url":"https:\/\/www.domainesaintloup.fr\/","logo":{"@type":"ImageObject","inLanguage":"en-US","@id":"https:\/\/www.domainesaintloup.fr\/#\/schema\/logo\/image\/","url":"https:\/\/www.domainesaintloup.fr\/wp-content\/uploads\/2024\/05\/logo-saint-loup.webp","contentUrl":"https:\/\/www.domainesaintloup.fr\/wp-content\/uploads\/2024\/05\/logo-saint-loup.webp","width":1728,"height":717,"caption":"Domaine Saint Loup"},"image":{"@id":"https:\/\/www.domainesaintloup.fr\/#\/schema\/logo\/image\/"}}]}},"_links":{"self":[{"href":"https:\/\/www.domainesaintloup.fr\/en\/wp-json\/wp\/v2\/pages\/2149"}],"collection":[{"href":"https:\/\/www.domainesaintloup.fr\/en\/wp-json\/wp\/v2\/pages"}],"about":[{"href":"https:\/\/www.domainesaintloup.fr\/en\/wp-json\/wp\/v2\/types\/page"}],"author":[{"embeddable":true,"href":"https:\/\/www.domainesaintloup.fr\/en\/wp-json\/wp\/v2\/users\/4"}],"replies":[{"embeddable":true,"href":"https:\/\/www.domainesaintloup.fr\/en\/wp-json\/wp\/v2\/comments?post=2149"}],"version-history":[{"count":8,"href":"https:\/\/www.domainesaintloup.fr\/en\/wp-json\/wp\/v2\/pages\/2149\/revisions"}],"predecessor-version":[{"id":3191,"href":"https:\/\/www.domainesaintloup.fr\/en\/wp-json\/wp\/v2\/pages\/2149\/revisions\/3191"}],"wp:attachment":[{"href":"https:\/\/www.domainesaintloup.fr\/en\/wp-json\/wp\/v2\/media?parent=2149"}],"curies":[{"name":"wp","href":"https:\/\/api.w.org\/{rel}","templated":true}]}}