{"id":2884,"date":"2024-05-24T11:29:51","date_gmt":"2024-05-24T10:29:51","guid":{"rendered":"https:\/\/www.domainesaintloup.fr\/?page_id=2884"},"modified":"2024-05-24T16:22:51","modified_gmt":"2024-05-24T15:22:51","slug":"legal-information","status":"publish","type":"page","link":"https:\/\/www.domainesaintloup.fr\/en\/legal-information\/","title":{"rendered":"Legal information"},"content":{"rendered":"\n<h2 class=\"wp-block-heading\" style=\"margin-top:var(--wp--preset--spacing--40)\">Pr\u00e9sentation du site<\/h2>\n\n\n\n<p>Vous \u00eates actuellement connect\u00e9 au site Internet <a href=\"https:\/\/www.domainesaintloup.fr\/en\/\">https:\/\/www.domainesaintloup.fr\/<\/a> (ci-apr\u00e8s le \u00ab SITE \u00bb).<br>L\u2019ensemble des donn\u00e9es et les informations pr\u00e9sentes sur le SITE sont mises \u00e0 disposition du public par la SARL DOMAINE SAINT LOUP.<\/p>\n\n\n\n<p>Ce SITE est la propri\u00e9t\u00e9 de la SARL DOMAINE SAINT LOUP (ci-apr\u00e8s le \u00ab VENDEUR \u00bb) :<br>au capital de 8 480\u20ac,<br>immatricul\u00e9e au Registre du Commerce et des Soci\u00e9t\u00e9s de Mulhouse sous le num\u00e9ro B 420 133 696,<br>dont le si\u00e8ge social est domicili\u00e9 \u00e0 l\u2019adresse suivante :<br>SCHLOSSHOF 68700 ASPACH-MICHELBACH<br>SIRET : 42013369600013<br>Num\u00e9ro de TVA Intracommunautaire : FR75420133696<br>Email : <a href=\"&#109;a&#105;l&#116;o&#x3a;i&#x6e;f&#x6f;&#64;&#x64;o&#x6d;a&#x69;n&#x65;s&#x61;i&#x6e;t&#x6c;&#111;&#x75;&#112;&#x2e;&#102;&#x72;\">i&#110;&#x66;&#x6f;&#64;&#100;&#x6f;&#x6d;a&#105;&#x6e;&#x65;s&#97;&#x69;&#x6e;t&#108;&#x6f;&#x75;p&#46;&#102;&#x72;<\/a><\/p>\n\n\n\n<ol>\n<li><\/li>\n<\/ol>\n\n\n\n<p>La Directrice de publication du SITE est Michel DE REINACH.<br>Pour toute suggestion, information, r\u00e9action concernant ce SITE, n\u2019h\u00e9sitez pas \u00e0 \u00e9crire \u00e0 l\u2019adresse email <a href=\"&#109;&#x61;i&#108;&#x74;o&#58;&#x69;n&#102;&#x6f;&#64;&#100;&#x6f;m&#97;&#x69;n&#101;&#x73;a&#105;&#x6e;t&#108;&#x6f;u&#112;&#x2e;f&#114;\">&#105;&#x6e;f&#111;&#x40;d&#111;&#x6d;a&#105;&#x6e;e&#115;&#x61;&#105;&#x6e;&#x74;&#108;&#x6f;&#x75;&#112;&#x2e;f&#114;<\/a><br>En consultant le SITE, vous vous engagez \u00e0 accepter les termes et les conditions contenus dans cette notice.<\/p>\n\n\n\n<h2 class=\"wp-block-heading\">H\u00e9bergement<\/h2>\n\n\n\n<p>IONOS SARL<br>7, place de la Gare, BP 70109, 57200 Sarreguemines Cedex<br>Site Web : <a href=\"https:\/\/www.ionos.fr\/\">https:\/\/www.ionos.fr\/<\/a><br>T\u00e9l : +33 (0)970 808 911<\/p>\n\n\n\n<h2 class=\"wp-block-heading\">Cr\u00e9ation &amp; r\u00e9alisation du site<\/h2>\n\n\n\n<p>Agence 3ma group<br>9 rue Manfred Behr 68250 Rouffach<br>T\u00e9l. : <a href=\"tel:0389732973\">+33 (0)3 89 73 29 73<\/a><br>E-mail : <a href=\"&#x6d;&#x61;&#x69;&#x6c;&#x74;&#x6f;&#58;&#97;&#103;&#101;nce&#64;&#x33;&#x6d;&#x61;&#x67;&#x72;&#x6f;&#117;&#112;&#46;&#99;&#111;m\">&#97;&#x67;&#101;&#x6e;c&#101;&#x40;&#51;&#x6d;a&#x67;r&#111;&#x75;&#112;&#x2e;c&#x6f;&#x6d;<\/a><br>Site web : <a href=\"https:\/\/agence.3magroup.com\/\">https:\/\/agence.3magroup.com\/<\/a>\u2003<\/p>\n\n\n\n<h2 class=\"wp-block-heading\">Conditions g\u00e9n\u00e9rales d\u2019utilisation du SITE<\/h2>\n\n\n\n<p>L\u2019utilisation du SITE implique l\u2019acceptation des conditions g\u00e9n\u00e9rales d\u2019utilisation ci-apr\u00e8s d\u00e9crites. Ces conditions d\u2019utilisation sont susceptibles d\u2019\u00eatre modifi\u00e9es ou compl\u00e9t\u00e9es \u00e0 tout moment, les utilisateurs du site sont donc invit\u00e9s \u00e0 les consulter de mani\u00e8re r\u00e9guli\u00e8re.<\/p>\n\n\n\n<p>Ce SITE est normalement accessible \u00e0 tout moment aux utilisateurs. Une interruption pour raison de maintenance technique peut \u00eatre toutefois d\u00e9cid\u00e9e par le VENDEUR.<\/p>\n\n\n\n<p>Le SITE est mis \u00e0 jour r\u00e9guli\u00e8rement. De la m\u00eame fa\u00e7on, les pr\u00e9sentes mentions l\u00e9gales peuvent \u00eatre modifi\u00e9es \u00e0 tout moment : elles s\u2019imposent n\u00e9anmoins \u00e0 l\u2019utilisateur qui est invit\u00e9 \u00e0 s\u2019y r\u00e9f\u00e9rer le plus souvent possible afin d\u2019en prendre connaissance.<\/p>\n\n\n\n<h2 class=\"wp-block-heading\">Description des services fournis<\/h2>\n\n\n\n<p>Le SITE a pour objet nos services en h\u00f4tellerie et \u00e9v\u00e8nementiel.<\/p>\n\n\n\n<h2 class=\"wp-block-heading\">Gestion des donn\u00e9es personnelles<\/h2>\n\n\n\n<p><strong>Utilisation des donn\u00e9es personnelles collect\u00e9es sur le site<\/strong><\/p>\n\n\n\n<p>D\u2019une mani\u00e8re g\u00e9n\u00e9rale, vous pouvez visiter le SITE sans avoir \u00e0 d\u00e9cliner votre identit\u00e9 et \u00e0 fournir des informations personnelles vous concernant. Cependant, le VENDEUR peut parfois vous demander des informations. Le VENDEUR est susceptible de traiter vos informations personnelles :<\/p>\n\n\n\n<ul>\n<li>aux fins de r\u00e9pondre aux demandes \u00e9crites formul\u00e9es sur le formulaire de contact,<\/li>\n\n\n\n<li>aux fins de vous fournir une facture et d\u2019exp\u00e9dier votre commande,<\/li>\n\n\n\n<li>aux fins de recueillir des informations lui permettant d\u2019am\u00e9liorer le SITE et d\u2019en mesurer l\u2019audience (via Google Analytics).<\/li>\n<\/ul>\n\n\n\n<p><strong>Destination des donn\u00e9es personnelles collect\u00e9es sur le SITE<\/strong><\/p>\n\n\n\n<p>Les donn\u00e9es collect\u00e9es par l\u2019interm\u00e9diaire du formulaire de contact sont destin\u00e9es aux personnes responsables du traitement de votre demande au sein de la soci\u00e9t\u00e9 propri\u00e9taire de ce SITE (le VENDEUR), et ne font l\u2019objet d\u2019aucune communication, cession ou divulgation \u00e0 des tiers.<\/p>\n\n\n\n<p>Seul le VENDEUR et son(ses) partenaire(s) d\u2019exp\u00e9dition sont destinataires de vos informations personnelles \u00e0 la suite d\u2019une commande. Le CLIENT est invit\u00e9 \u00e0 consulter la politique de confidentialit\u00e9 du partenaire d\u2019exp\u00e9dition choisi lors de la passation de votre commande.<\/p>\n\n\n\n<p><strong>Conservation des donn\u00e9es personnelles collect\u00e9es sur le SITE<\/strong><\/p>\n\n\n\n<p>Vos informations personnelles sont conserv\u00e9es par le VENDEUR uniquement pour le temps correspondant \u00e0 la finalit\u00e9 de la collecte, qui ne saurait en tout \u00e9tat de cause exc\u00e9der dix (10) ans apr\u00e8s la date de la derni\u00e8re commande.<br>Concernant la conservation des donn\u00e9es collect\u00e9es par l\u2019outil de mesure d\u2019audience Google Analytics, le VENDEUR vous invite \u00e0 consulter la charte de confidentialit\u00e9 de la soci\u00e9t\u00e9 Google Inc (<a href=\"https:\/\/policies.google.com\/technologies\/retention?hl=fr\">https:\/\/policies.google.com\/technologies\/retention?hl=fr<\/a>).<\/p>\n\n\n\n<p><strong>Droit d\u2019acc\u00e8s, de modification et de suppression<\/strong><\/p>\n\n\n\n<p>Vous disposez, conform\u00e9ment \u00e0 la loi n\u00b078-17 dite \u00ab informatique et Libert\u00e9 \u00bb du 6 janvier 1978 modifi\u00e9e, d\u2019un droit d\u2019acc\u00e8s, de rectification, de modification, d\u2019opposition et de suppression sur les donn\u00e9es vous concernant.<\/p>\n\n\n\n<p>Vous pouvez exiger ces droits en \u00e9crivant \u00e0 l\u2019adresse mail <a href=\"mailto:i&#110;&#102;&#111;&#64;&#100;&#111;&#109;&#97;&#105;&#110;&#x65;&#x73;&#x61;&#x69;&#x6e;&#x74;&#x6c;&#x6f;&#x75;&#x70;&#x2e;&#x66;&#x72;\">&#105;n&#x66;o&#x40;&#100;&#x6f;&#109;&#x61;&#105;n&#x65;s&#x61;&#105;&#x6e;&#116;&#x6c;&#111;&#x75;&#112;&#46;&#x66;r<\/a><\/p>\n\n\n\n<p>Le VENDEUR s\u2019engage \u00e0 r\u00e9pondre \u00e0 votre demande d\u2019acc\u00e8s, de rectification ou d\u2019opposition ou toute autre demande compl\u00e9mentaire d\u2019informations dans un d\u00e9lai raisonnable qui ne saurait d\u00e9passer un (1) mois \u00e0 compter de la r\u00e9ception de votre demande.<\/p>\n\n\n\n<h2 class=\"wp-block-heading\">Cookies<\/h2>\n\n\n\n<p>Le SITE utilise des cookies. Un cookie, ou traceur, est un fichier de petite taille, qui ne permet pas l\u2019identification de l\u2019utilisateur, mais qui enregistre des informations relatives \u00e0 la navigation d\u2019un ordinateur sur un site. Les donn\u00e9es ainsi obtenues visent \u00e0 faciliter la navigation ult\u00e9rieure sur le SITE, et permettent de recueillir diverses mesures de fr\u00e9quentation du SITE comme par exemple les pages les plus consult\u00e9es par les visiteurs ou encore le temps pass\u00e9 sur le SITE.<\/p>\n\n\n\n<ol start=\"2\">\n<li><\/li>\n<\/ol>\n\n\n\n<p>Lors de la premi\u00e8re navigation sur ce SITE, une banni\u00e8re explicative sur l\u2019utilisation des \u00abCookies \u00bb appara\u00eetra. D\u00e8s lors, en poursuivant la navigation, le CLIENT et\/ou visiteur du SITE sera r\u00e9put\u00e9 inform\u00e9 et avoir accept\u00e9 l\u2019utilisation desdits \u00ab Cookies \u00bb. Le consentement donn\u00e9 sera valable pour une p\u00e9riode de douze (12) mois. Le CLIENT et\/ou visiteur a la possibilit\u00e9 de d\u00e9sactiver les \u00ab Cookies \u00bb \u00e0 partir des param\u00e8tres de son navigateur.<\/p>\n\n\n\n<p>Toutefois, la d\u00e9sactivation de tous les cookies pourrait emp\u00eacher d\u2019acc\u00e9der \u00e0 certains services.<\/p>\n\n\n\n<p>Plusieurs types de cookies sont susceptibles d\u2019\u00eatre utilis\u00e9s par le SITE :<\/p>\n\n\n\n<ul>\n<li>Les cookies strictement n\u00e9cessaires \u00e0 la navigation sur le site et devant garantir son bon fonctionnement ;<\/li>\n\n\n\n<li>Les cookies qui permettent d\u2019\u00e9tablir des statistiques de fr\u00e9quentations ;<\/li>\n\n\n\n<li>Les cookies et plug-in de r\u00e9seaux sociaux ;<\/li>\n<\/ul>\n\n\n\n<p>Cliquer ici pour voir le d\u00e9tail des cookies utilis\u00e9e sur le SITE :<\/p>\n\n\n\n<p>Pour plus d\u2019informations sur l\u2019utilisation, la gestion et la suppression des \u00ab Cookies \u00bb, pour tout type de navigateur, nous vous invitons \u00e0 consulter le lien suivant : <a href=\"https:\/\/www.cnil.fr\/fr\/cookies-les-outils-pour-les-maitriser\">https:\/\/www.cnil.fr\/fr\/cookies-les-outils-pour-les-maitriser<\/a>.<br>A tout moment, l\u2019utilisateur peut faire le choix d\u2019exprimer et de modifier ses souhaits en mati\u00e8re de cookies.<\/p>\n\n\n\n<h2 class=\"wp-block-heading\">Liens hypertextes<\/h2>\n\n\n\n<p>Le SITE peut proposer des liens hypertextes vers des sites web \u00e9dit\u00e9s et\/ou g\u00e9r\u00e9s par des tiers.<br>Dans la mesure o\u00f9 le VENDEUR n\u2019exerce aucun contr\u00f4le sur ces ressources externes, l\u2019utilisateur reconna\u00eet que le VENDEUR n\u2019assume aucune responsabilit\u00e9 relative \u00e0 la mise \u00e0 disposition de ces ressources, et ne peut \u00eatre tenue responsable quant \u00e0 leur contenu.<\/p>\n\n\n\n<h2 class=\"wp-block-heading\">Propri\u00e9t\u00e9 intellectuelle<\/h2>\n\n\n\n<p>Le VENDEUR est propri\u00e9taire des droits de propri\u00e9t\u00e9 intellectuelle ou d\u00e9tient les droits d\u2019usage sur tous les \u00e9l\u00e9ments accessibles sur le SITE, notamment les textes, images, graphismes, logo, ic\u00f4nes, sons, logiciels.<\/p>\n\n\n\n<p>Toute reproduction, repr\u00e9sentation, modification, publication, adaptation de tout ou partie des \u00e9l\u00e9ments du SITE, quel que soit le moyen ou le proc\u00e9d\u00e9 utilis\u00e9, est interdite, sauf autorisation \u00e9crite pr\u00e9alable du VENDEUR.<\/p>\n\n\n\n<p>Toute exploitation non autoris\u00e9e du SITE ou de l\u2019un des \u00e9l\u00e9ments qu\u2019il contient sera consid\u00e9r\u00e9e comme constitutive d\u2019une contrefa\u00e7on et poursuivie conform\u00e9ment aux dispositions des articles L.335-2 et suivants du Code de Propri\u00e9t\u00e9 Intellectuelle.<\/p>\n\n\n\n<p>Toute utilisation d\u2019informations provenant du SITE doit obligatoirement mentionner la source de l\u2019information. L\u2019adresse Internet du SITE doit imp\u00e9rativement figurer dans la r\u00e9f\u00e9rence.<\/p>\n\n\n\n<p>Les marques cit\u00e9es sur ce SITE sont d\u00e9pos\u00e9es par les soci\u00e9t\u00e9s qui en sont propri\u00e9taires.<\/p>\n\n\n\n<h2 class=\"wp-block-heading\">Responsabilit\u00e9<\/h2>\n\n\n\n<p>Le contenu et l\u2019environnement des sites ext\u00e9rieurs auxquels le SITE peut renvoyer (notamment par l\u2019interm\u00e9diaire de liens hypertextes) n\u2019engagent pas la responsabilit\u00e9 du VENDEUR.<\/p>\n\n\n\n<p>La mise en place de liens hypertextes par des tiers vers des pages ou des documents du SITE est autoris\u00e9e sous r\u00e9serve que les liens ne contreviennent pas aux int\u00e9r\u00eats du VENDEUR et qu\u2019ils garantissent la possibilit\u00e9 pour l\u2019utilisateur d\u2019identifier l\u2019origine et l\u2019auteur du document. Toutefois, l\u2019\u00e9diteur se r\u00e9serve le droit de demander la suppression d\u2019un lien qu\u2019il estime non conforme \u00e0 sa politique \u00e9ditoriale et \u00e9thique.<\/p>\n\n\n\n<p>La responsabilit\u00e9 du VENDEUR ne peut, en aucune mani\u00e8re, \u00eatre engag\u00e9e quant au contenu des informations figurant sur ce site ou aux cons\u00e9quences pouvant r\u00e9sulter de leur utilisation ou interpr\u00e9tation. Le VENDEUR ne garantit pas que ce site soit exempt de d\u00e9fauts, d\u2019erreurs ou d\u2019omissions. Les informations communiqu\u00e9es sont pr\u00e9sent\u00e9es \u00e0 titre indicatif et g\u00e9n\u00e9ral sans valeur contractuelle. Malgr\u00e9 des mises \u00e0 jour r\u00e9guli\u00e8res, le VENDEUR ne peut \u00eatre tenue responsable de la modification de dispositions administratives et juridiques survenant apr\u00e8s la publication.<\/p>\n\n\n\n<p>Le VENDEUR ne peut \u00eatre tenu pour responsable d\u2019\u00e9ventuels virus qui pourraient infecter l\u2019ordinateur ou tout mat\u00e9riel informatique de l\u2019utilisateur, suite \u00e0 une utilisation, \u00e0 l\u2019acc\u00e8s, ou au t\u00e9l\u00e9chargement provenant de ce SITE.<\/p>\n\n\n\n<h2 class=\"wp-block-heading\">Cr\u00e9dit photos<\/h2>\n\n\n\n<p>Le VENDEUR et 123RF.<\/p>\n","protected":false},"excerpt":{"rendered":"<p>Pr\u00e9sentation du site Vous \u00eates actuellement connect\u00e9 au site Internet https:\/\/www.domainesaintloup.fr\/ (ci-apr\u00e8s le \u00ab SITE \u00bb).L\u2019ensemble des donn\u00e9es et les informations pr\u00e9sentes sur le SITE sont mises \u00e0 disposition du public par la SARL DOMAINE SAINT LOUP. Ce SITE est la propri\u00e9t\u00e9 de la SARL DOMAINE SAINT LOUP (ci-apr\u00e8s le \u00ab VENDEUR \u00bb) :au capital [&hellip;]<\/p>\n","protected":false},"author":5,"featured_media":0,"parent":0,"menu_order":0,"comment_status":"closed","ping_status":"closed","template":"","meta":{"_acf_changed":false,"footnotes":""},"acf":[],"yoast_head":"<!-- This site is optimized with the Yoast SEO plugin v23.3 - https:\/\/yoast.com\/wordpress\/plugins\/seo\/ -->\n<title>Legal information &#8211; Domaine Saint Loup<\/title>\n<meta name=\"description\" content=\"Pr\u00e9sentation du site Vous \u00eates actuellement connect\u00e9 au site Internet https:\/\/www.domainesaintloup.fr\/ (ci-apr\u00e8s le \u00ab SITE \u00bb).L\u2019ensemble des donn\u00e9es et\" \/>\n<meta name=\"robots\" content=\"index, follow, max-snippet:-1, max-image-preview:large, max-video-preview:-1\" \/>\n<link rel=\"canonical\" href=\"https:\/\/www.domainesaintloup.fr\/en\/legal-information\/\" \/>\n<meta property=\"og:locale\" content=\"en_US\" \/>\n<meta property=\"og:type\" content=\"article\" \/>\n<meta property=\"og:title\" content=\"Legal information &#8211; Domaine Saint Loup\" \/>\n<meta property=\"og:description\" content=\"Pr\u00e9sentation du site Vous \u00eates actuellement connect\u00e9 au site Internet https:\/\/www.domainesaintloup.fr\/ (ci-apr\u00e8s le \u00ab SITE \u00bb).L\u2019ensemble des donn\u00e9es et\" \/>\n<meta property=\"og:url\" content=\"https:\/\/www.domainesaintloup.fr\/en\/legal-information\/\" \/>\n<meta property=\"og:site_name\" content=\"Domaine Saint Loup\" \/>\n<meta property=\"article:modified_time\" content=\"2024-05-24T15:22:51+00:00\" \/>\n<meta name=\"twitter:card\" content=\"summary_large_image\" \/>\n<meta name=\"twitter:label1\" content=\"Est. reading time\" \/>\n\t<meta name=\"twitter:data1\" content=\"7 minutes\" \/>\n<script type=\"application\/ld+json\" class=\"yoast-schema-graph\">{\"@context\":\"https:\/\/schema.org\",\"@graph\":[{\"@type\":\"WebPage\",\"@id\":\"https:\/\/www.domainesaintloup.fr\/en\/legal-information\/\",\"url\":\"https:\/\/www.domainesaintloup.fr\/en\/legal-information\/\",\"name\":\"Legal information &#8211; Domaine Saint Loup\",\"isPartOf\":{\"@id\":\"https:\/\/www.domainesaintloup.fr\/#website\"},\"datePublished\":\"2024-05-24T10:29:51+00:00\",\"dateModified\":\"2024-05-24T15:22:51+00:00\",\"description\":\"Pr\u00e9sentation du site Vous \u00eates actuellement connect\u00e9 au site Internet https:\/\/www.domainesaintloup.fr\/ (ci-apr\u00e8s le \u00ab SITE \u00bb).L\u2019ensemble des donn\u00e9es et\",\"breadcrumb\":{\"@id\":\"https:\/\/www.domainesaintloup.fr\/en\/legal-information\/#breadcrumb\"},\"inLanguage\":\"en-US\",\"potentialAction\":[{\"@type\":\"ReadAction\",\"target\":[\"https:\/\/www.domainesaintloup.fr\/en\/legal-information\/\"]}]},{\"@type\":\"BreadcrumbList\",\"@id\":\"https:\/\/www.domainesaintloup.fr\/en\/legal-information\/#breadcrumb\",\"itemListElement\":[{\"@type\":\"ListItem\",\"position\":1,\"name\":\"Accueil\",\"item\":\"https:\/\/www.domainesaintloup.fr\/en\/\"},{\"@type\":\"ListItem\",\"position\":2,\"name\":\"Legal information\"}]},{\"@type\":\"WebSite\",\"@id\":\"https:\/\/www.domainesaintloup.fr\/#website\",\"url\":\"https:\/\/www.domainesaintloup.fr\/\",\"name\":\"Domaine Saint Loup\",\"description\":\"Domaine Saint Loup\",\"publisher\":{\"@id\":\"https:\/\/www.domainesaintloup.fr\/#organization\"},\"potentialAction\":[{\"@type\":\"SearchAction\",\"target\":{\"@type\":\"EntryPoint\",\"urlTemplate\":\"https:\/\/www.domainesaintloup.fr\/?s={search_term_string}\"},\"query-input\":\"required name=search_term_string\"}],\"inLanguage\":\"en-US\"},{\"@type\":\"Organization\",\"@id\":\"https:\/\/www.domainesaintloup.fr\/#organization\",\"name\":\"Domaine Saint Loup\",\"url\":\"https:\/\/www.domainesaintloup.fr\/\",\"logo\":{\"@type\":\"ImageObject\",\"inLanguage\":\"en-US\",\"@id\":\"https:\/\/www.domainesaintloup.fr\/#\/schema\/logo\/image\/\",\"url\":\"https:\/\/www.domainesaintloup.fr\/wp-content\/uploads\/2024\/05\/logo-saint-loup.webp\",\"contentUrl\":\"https:\/\/www.domainesaintloup.fr\/wp-content\/uploads\/2024\/05\/logo-saint-loup.webp\",\"width\":1728,\"height\":717,\"caption\":\"Domaine Saint Loup\"},\"image\":{\"@id\":\"https:\/\/www.domainesaintloup.fr\/#\/schema\/logo\/image\/\"}}]}<\/script>\n<!-- \/ Yoast SEO plugin. -->","yoast_head_json":{"title":"Legal information &#8211; Domaine Saint Loup","description":"Pr\u00e9sentation du site Vous \u00eates actuellement connect\u00e9 au site Internet https:\/\/www.domainesaintloup.fr\/ (ci-apr\u00e8s le \u00ab SITE \u00bb).L\u2019ensemble des donn\u00e9es et","robots":{"index":"index","follow":"follow","max-snippet":"max-snippet:-1","max-image-preview":"max-image-preview:large","max-video-preview":"max-video-preview:-1"},"canonical":"https:\/\/www.domainesaintloup.fr\/en\/legal-information\/","og_locale":"en_US","og_type":"article","og_title":"Legal information &#8211; Domaine Saint Loup","og_description":"Pr\u00e9sentation du site Vous \u00eates actuellement connect\u00e9 au site Internet https:\/\/www.domainesaintloup.fr\/ (ci-apr\u00e8s le \u00ab SITE \u00bb).L\u2019ensemble des donn\u00e9es et","og_url":"https:\/\/www.domainesaintloup.fr\/en\/legal-information\/","og_site_name":"Domaine Saint Loup","article_modified_time":"2024-05-24T15:22:51+00:00","twitter_card":"summary_large_image","twitter_misc":{"Est. reading time":"7 minutes"},"schema":{"@context":"https:\/\/schema.org","@graph":[{"@type":"WebPage","@id":"https:\/\/www.domainesaintloup.fr\/en\/legal-information\/","url":"https:\/\/www.domainesaintloup.fr\/en\/legal-information\/","name":"Legal information &#8211; Domaine Saint Loup","isPartOf":{"@id":"https:\/\/www.domainesaintloup.fr\/#website"},"datePublished":"2024-05-24T10:29:51+00:00","dateModified":"2024-05-24T15:22:51+00:00","description":"Pr\u00e9sentation du site Vous \u00eates actuellement connect\u00e9 au site Internet https:\/\/www.domainesaintloup.fr\/ (ci-apr\u00e8s le \u00ab SITE \u00bb).L\u2019ensemble des donn\u00e9es et","breadcrumb":{"@id":"https:\/\/www.domainesaintloup.fr\/en\/legal-information\/#breadcrumb"},"inLanguage":"en-US","potentialAction":[{"@type":"ReadAction","target":["https:\/\/www.domainesaintloup.fr\/en\/legal-information\/"]}]},{"@type":"BreadcrumbList","@id":"https:\/\/www.domainesaintloup.fr\/en\/legal-information\/#breadcrumb","itemListElement":[{"@type":"ListItem","position":1,"name":"Accueil","item":"https:\/\/www.domainesaintloup.fr\/en\/"},{"@type":"ListItem","position":2,"name":"Legal information"}]},{"@type":"WebSite","@id":"https:\/\/www.domainesaintloup.fr\/#website","url":"https:\/\/www.domainesaintloup.fr\/","name":"Domaine Saint Loup","description":"Domaine Saint Loup","publisher":{"@id":"https:\/\/www.domainesaintloup.fr\/#organization"},"potentialAction":[{"@type":"SearchAction","target":{"@type":"EntryPoint","urlTemplate":"https:\/\/www.domainesaintloup.fr\/?s={search_term_string}"},"query-input":"required name=search_term_string"}],"inLanguage":"en-US"},{"@type":"Organization","@id":"https:\/\/www.domainesaintloup.fr\/#organization","name":"Domaine Saint Loup","url":"https:\/\/www.domainesaintloup.fr\/","logo":{"@type":"ImageObject","inLanguage":"en-US","@id":"https:\/\/www.domainesaintloup.fr\/#\/schema\/logo\/image\/","url":"https:\/\/www.domainesaintloup.fr\/wp-content\/uploads\/2024\/05\/logo-saint-loup.webp","contentUrl":"https:\/\/www.domainesaintloup.fr\/wp-content\/uploads\/2024\/05\/logo-saint-loup.webp","width":1728,"height":717,"caption":"Domaine Saint Loup"},"image":{"@id":"https:\/\/www.domainesaintloup.fr\/#\/schema\/logo\/image\/"}}]}},"_links":{"self":[{"href":"https:\/\/www.domainesaintloup.fr\/en\/wp-json\/wp\/v2\/pages\/2884"}],"collection":[{"href":"https:\/\/www.domainesaintloup.fr\/en\/wp-json\/wp\/v2\/pages"}],"about":[{"href":"https:\/\/www.domainesaintloup.fr\/en\/wp-json\/wp\/v2\/types\/page"}],"author":[{"embeddable":true,"href":"https:\/\/www.domainesaintloup.fr\/en\/wp-json\/wp\/v2\/users\/5"}],"replies":[{"embeddable":true,"href":"https:\/\/www.domainesaintloup.fr\/en\/wp-json\/wp\/v2\/comments?post=2884"}],"version-history":[{"count":5,"href":"https:\/\/www.domainesaintloup.fr\/en\/wp-json\/wp\/v2\/pages\/2884\/revisions"}],"predecessor-version":[{"id":3012,"href":"https:\/\/www.domainesaintloup.fr\/en\/wp-json\/wp\/v2\/pages\/2884\/revisions\/3012"}],"wp:attachment":[{"href":"https:\/\/www.domainesaintloup.fr\/en\/wp-json\/wp\/v2\/media?parent=2884"}],"curies":[{"name":"wp","href":"https:\/\/api.w.org\/{rel}","templated":true}]}}